{"id":1055,"date":"2020-12-09T20:16:22","date_gmt":"2020-12-09T20:16:22","guid":{"rendered":"https:\/\/testingportugal2021.pstqb.pt\/?page_id=1055"},"modified":"2026-03-10T08:26:15","modified_gmt":"2026-03-10T08:26:15","slug":"historico-testing-portugal","status":"publish","type":"page","link":"https:\/\/testingportugal.pstqb.pt\/en\/historico-testing-portugal\/","title":{"rendered":"History"},"content":{"rendered":"<div data-elementor-type=\"wp-page\" data-elementor-id=\"1055\" class=\"elementor elementor-1055\">\n\t\t\t\t\t\t<section class=\"elementor-section elementor-top-section elementor-element elementor-element-bd63a41 elementor-hidden-tablet elementor-hidden-mobile elementor-section-boxed elementor-section-height-default elementor-section-height-default wpr-particle-no wpr-jarallax-no wpr-parallax-no wpr-sticky-section-no\" data-id=\"bd63a41\" data-element_type=\"section\" data-settings=\"{&quot;background_background&quot;:&quot;classic&quot;}\">\n\t\t\t\t\t\t<div class=\"elementor-container elementor-column-gap-default\">\n\t\t\t\t\t<div class=\"elementor-column elementor-col-100 elementor-top-column elementor-element elementor-element-96b0f97\" data-id=\"96b0f97\" data-element_type=\"column\">\n\t\t\t<div class=\"elementor-widget-wrap elementor-element-populated\">\n\t\t\t\t\t\t<div class=\"elementor-element elementor-element-34694c3 elementor-widget__width-initial elementor-widget elementor-widget-heading\" data-id=\"34694c3\" data-element_type=\"widget\" data-widget_type=\"heading.default\">\n\t\t\t\t<div class=\"elementor-widget-container\">\n\t\t\t\t\t<h1 class=\"elementor-heading-title elementor-size-xl\">Previous Editions<\/h1>\t\t\t\t<\/div>\n\t\t\t\t<\/div>\n\t\t\t\t\t<\/div>\n\t\t<\/div>\n\t\t\t\t\t<\/div>\n\t\t<\/section>\n\t\t\t\t<section class=\"elementor-section elementor-top-section elementor-element elementor-element-f4125a4 elementor-hidden-desktop elementor-hidden-mobile elementor-section-boxed elementor-section-height-default elementor-section-height-default wpr-particle-no wpr-jarallax-no wpr-parallax-no wpr-sticky-section-no\" data-id=\"f4125a4\" data-element_type=\"section\" data-settings=\"{&quot;background_background&quot;:&quot;classic&quot;}\">\n\t\t\t\t\t\t<div class=\"elementor-container elementor-column-gap-default\">\n\t\t\t\t\t<div class=\"elementor-column elementor-col-100 elementor-top-column elementor-element elementor-element-22a14a5\" data-id=\"22a14a5\" data-element_type=\"column\">\n\t\t\t<div class=\"elementor-widget-wrap elementor-element-populated\">\n\t\t\t\t\t\t<div class=\"elementor-element elementor-element-f963305 elementor-widget-tablet__width-initial elementor-widget elementor-widget-heading\" data-id=\"f963305\" data-element_type=\"widget\" data-widget_type=\"heading.default\">\n\t\t\t\t<div class=\"elementor-widget-container\">\n\t\t\t\t\t<h1 class=\"elementor-heading-title elementor-size-xl\">Previous Editions<\/h1>\t\t\t\t<\/div>\n\t\t\t\t<\/div>\n\t\t\t\t\t<\/div>\n\t\t<\/div>\n\t\t\t\t\t<\/div>\n\t\t<\/section>\n\t\t\t\t<section class=\"elementor-section elementor-top-section elementor-element elementor-element-3555bfb elementor-hidden-desktop elementor-hidden-tablet elementor-section-boxed elementor-section-height-default elementor-section-height-default wpr-particle-no wpr-jarallax-no wpr-parallax-no wpr-sticky-section-no\" data-id=\"3555bfb\" data-element_type=\"section\" data-settings=\"{&quot;background_background&quot;:&quot;classic&quot;}\">\n\t\t\t\t\t\t<div class=\"elementor-container elementor-column-gap-default\">\n\t\t\t\t\t<div class=\"elementor-column elementor-col-100 elementor-top-column elementor-element elementor-element-66bf788\" data-id=\"66bf788\" data-element_type=\"column\">\n\t\t\t<div class=\"elementor-widget-wrap elementor-element-populated\">\n\t\t\t\t\t\t<div class=\"elementor-element elementor-element-b04747c elementor-widget-mobile__width-initial elementor-widget elementor-widget-heading\" data-id=\"b04747c\" data-element_type=\"widget\" data-widget_type=\"heading.default\">\n\t\t\t\t<div class=\"elementor-widget-container\">\n\t\t\t\t\t<h1 class=\"elementor-heading-title elementor-size-xl\">Edi\u00e7\u00f5es Anteriories<\/h1>\t\t\t\t<\/div>\n\t\t\t\t<\/div>\n\t\t\t\t\t<\/div>\n\t\t<\/div>\n\t\t\t\t\t<\/div>\n\t\t<\/section>\n\t\t\t\t<section class=\"elementor-section elementor-top-section elementor-element elementor-element-1ae901f elementor-section-boxed elementor-section-height-default elementor-section-height-default wpr-particle-no wpr-jarallax-no wpr-parallax-no wpr-sticky-section-no\" data-id=\"1ae901f\" data-element_type=\"section\">\n\t\t\t\t\t\t<div class=\"elementor-container elementor-column-gap-default\">\n\t\t\t\t\t<div class=\"elementor-column elementor-col-100 elementor-top-column elementor-element elementor-element-aea9cb8\" data-id=\"aea9cb8\" data-element_type=\"column\">\n\t\t\t<div class=\"elementor-widget-wrap elementor-element-populated\">\n\t\t\t\t\t\t<div class=\"elementor-element elementor-element-c6e02e0 wpr-stt-btn-align-fixed wpr-stt-btn-align-fixed-right elementor-widget elementor-widget-wpr-back-to-top\" data-id=\"c6e02e0\" data-element_type=\"widget\" data-widget_type=\"wpr-back-to-top.default\">\n\t\t\t\t<div class=\"elementor-widget-container\">\n\t\t\t\t\t<div class=\"wpr-stt-wrapper\"><div class='wpr-stt-btn' data-settings='{&quot;animation&quot;:&quot;fade&quot;,&quot;animationOffset&quot;:&quot;0&quot;,&quot;animationDuration&quot;:&quot;200&quot;,&quot;fixed&quot;:&quot;fixed&quot;,&quot;scrolAnim&quot;:&quot;800&quot;}'><span class=\"wpr-stt-icon\"><i class=\"fas fa-chevron-up\"><\/i><\/span><\/div><\/div>\t\t\t\t<\/div>\n\t\t\t\t<\/div>\n\t\t\t\t\t<\/div>\n\t\t<\/div>\n\t\t\t\t\t<\/div>\n\t\t<\/section>\n\t\t\t\t<section class=\"elementor-section elementor-top-section elementor-element elementor-element-49250d8 elementor-section-boxed elementor-section-height-default elementor-section-height-default wpr-particle-no wpr-jarallax-no wpr-parallax-no wpr-sticky-section-no\" data-id=\"49250d8\" data-element_type=\"section\">\n\t\t\t\t\t\t<div class=\"elementor-container elementor-column-gap-default\">\n\t\t\t\t\t<div class=\"elementor-column elementor-col-100 elementor-top-column elementor-element elementor-element-50304ec\" data-id=\"50304ec\" data-element_type=\"column\">\n\t\t\t<div class=\"elementor-widget-wrap elementor-element-populated\">\n\t\t\t\t\t<div class=\"elementor-background-overlay\"><\/div>\n\t\t\t\t\t\t<div class=\"elementor-element elementor-element-30c39ad elementor-widget elementor-widget-image\" data-id=\"30c39ad\" data-element_type=\"widget\" data-widget_type=\"image.default\">\n\t\t\t\t<div class=\"elementor-widget-container\">\n\t\t\t\t\t\t\t\t\t\t\t\t\t\t\t\t<a href=\"https:\/\/testingportugal.pstqb.pt\/en\/testing-portugal-2025\/\">\n\t\t\t\t\t\t\t<img fetchpriority=\"high\" decoding=\"async\" width=\"2560\" height=\"974\" src=\"https:\/\/testingportugal.pstqb.pt\/wp-content\/uploads\/2026\/01\/SiteHistorico_TP25-scaled.png\" class=\"attachment-full size-full wp-image-12890\" alt=\"\" srcset=\"https:\/\/testingportugal.pstqb.pt\/wp-content\/uploads\/2026\/01\/SiteHistorico_TP25-scaled.png 2560w, https:\/\/testingportugal.pstqb.pt\/wp-content\/uploads\/2026\/01\/SiteHistorico_TP25-300x114.png 300w, https:\/\/testingportugal.pstqb.pt\/wp-content\/uploads\/2026\/01\/SiteHistorico_TP25-1024x390.png 1024w, https:\/\/testingportugal.pstqb.pt\/wp-content\/uploads\/2026\/01\/SiteHistorico_TP25-768x292.png 768w, https:\/\/testingportugal.pstqb.pt\/wp-content\/uploads\/2026\/01\/SiteHistorico_TP25-1536x585.png 1536w, https:\/\/testingportugal.pstqb.pt\/wp-content\/uploads\/2026\/01\/SiteHistorico_TP25-2048x779.png 2048w, https:\/\/testingportugal.pstqb.pt\/wp-content\/uploads\/2026\/01\/SiteHistorico_TP25-18x7.png 18w\" sizes=\"(max-width: 2560px) 100vw, 2560px\" \/>\t\t\t\t\t\t\t\t<\/a>\n\t\t\t\t\t\t\t\t\t\t\t\t\t\t\t<\/div>\n\t\t\t\t<\/div>\n\t\t\t\t\t<\/div>\n\t\t<\/div>\n\t\t\t\t\t<\/div>\n\t\t<\/section>\n\t\t\t\t<section class=\"elementor-section elementor-top-section elementor-element elementor-element-4f4bd94 elementor-section-boxed elementor-section-height-default elementor-section-height-default wpr-particle-no wpr-jarallax-no wpr-parallax-no wpr-sticky-section-no\" data-id=\"4f4bd94\" data-element_type=\"section\">\n\t\t\t\t\t\t<div class=\"elementor-container elementor-column-gap-default\">\n\t\t\t\t\t<div class=\"elementor-column elementor-col-100 elementor-top-column elementor-element elementor-element-a6a8bcd\" data-id=\"a6a8bcd\" data-element_type=\"column\">\n\t\t\t<div class=\"elementor-widget-wrap elementor-element-populated\">\n\t\t\t\t\t<div class=\"elementor-background-overlay\"><\/div>\n\t\t\t\t\t\t<div class=\"elementor-element elementor-element-8613d0d elementor-widget elementor-widget-image\" data-id=\"8613d0d\" data-element_type=\"widget\" data-widget_type=\"image.default\">\n\t\t\t\t<div class=\"elementor-widget-container\">\n\t\t\t\t\t\t\t\t\t\t\t\t\t\t\t\t<a href=\"https:\/\/testingportugal.pstqb.pt\/en\/testing-portugal-2024\/\">\n\t\t\t\t\t\t\t<img decoding=\"async\" width=\"2560\" height=\"974\" src=\"https:\/\/testingportugal.pstqb.pt\/wp-content\/uploads\/2025\/03\/SiteHistoricoCover_TP.png\" class=\"attachment-full size-full wp-image-11274\" alt=\"\" srcset=\"https:\/\/testingportugal.pstqb.pt\/wp-content\/uploads\/2025\/03\/SiteHistoricoCover_TP.png 2560w, https:\/\/testingportugal.pstqb.pt\/wp-content\/uploads\/2025\/03\/SiteHistoricoCover_TP-300x114.png 300w, https:\/\/testingportugal.pstqb.pt\/wp-content\/uploads\/2025\/03\/SiteHistoricoCover_TP-1024x389.png 1024w, https:\/\/testingportugal.pstqb.pt\/wp-content\/uploads\/2025\/03\/SiteHistoricoCover_TP-768x292.png 768w, https:\/\/testingportugal.pstqb.pt\/wp-content\/uploads\/2025\/03\/SiteHistoricoCover_TP-1536x584.png 1536w, https:\/\/testingportugal.pstqb.pt\/wp-content\/uploads\/2025\/03\/SiteHistoricoCover_TP-2048x779.png 2048w, https:\/\/testingportugal.pstqb.pt\/wp-content\/uploads\/2025\/03\/SiteHistoricoCover_TP-18x7.png 18w\" sizes=\"(max-width: 2560px) 100vw, 2560px\" \/>\t\t\t\t\t\t\t\t<\/a>\n\t\t\t\t\t\t\t\t\t\t\t\t\t\t\t<\/div>\n\t\t\t\t<\/div>\n\t\t\t\t\t<\/div>\n\t\t<\/div>\n\t\t\t\t\t<\/div>\n\t\t<\/section>\n\t\t\t\t<section class=\"elementor-section elementor-top-section elementor-element elementor-element-3f16559 elementor-section-boxed elementor-section-height-default elementor-section-height-default wpr-particle-no wpr-jarallax-no wpr-parallax-no wpr-sticky-section-no\" data-id=\"3f16559\" data-element_type=\"section\">\n\t\t\t\t\t\t<div class=\"elementor-container elementor-column-gap-default\">\n\t\t\t\t\t<div class=\"elementor-column elementor-col-100 elementor-top-column elementor-element elementor-element-f928a96\" data-id=\"f928a96\" data-element_type=\"column\">\n\t\t\t<div class=\"elementor-widget-wrap elementor-element-populated\">\n\t\t\t\t\t<div class=\"elementor-background-overlay\"><\/div>\n\t\t\t\t\t\t<div class=\"elementor-element elementor-element-f37baa6 elementor-widget elementor-widget-image\" data-id=\"f37baa6\" data-element_type=\"widget\" data-widget_type=\"image.default\">\n\t\t\t\t<div class=\"elementor-widget-container\">\n\t\t\t\t\t\t\t\t\t\t\t\t\t\t\t\t<a href=\"https:\/\/testingportugal.pstqb.pt\/en\/testing-portugal-2023\/\">\n\t\t\t\t\t\t\t<img decoding=\"async\" width=\"2560\" height=\"974\" src=\"https:\/\/testingportugal.pstqb.pt\/wp-content\/uploads\/2025\/03\/Facebook_Cover_TP23.png\" class=\"attachment-full size-full wp-image-11275\" alt=\"\" srcset=\"https:\/\/testingportugal.pstqb.pt\/wp-content\/uploads\/2025\/03\/Facebook_Cover_TP23.png 2560w, https:\/\/testingportugal.pstqb.pt\/wp-content\/uploads\/2025\/03\/Facebook_Cover_TP23-300x114.png 300w, https:\/\/testingportugal.pstqb.pt\/wp-content\/uploads\/2025\/03\/Facebook_Cover_TP23-1024x390.png 1024w, https:\/\/testingportugal.pstqb.pt\/wp-content\/uploads\/2025\/03\/Facebook_Cover_TP23-768x292.png 768w, https:\/\/testingportugal.pstqb.pt\/wp-content\/uploads\/2025\/03\/Facebook_Cover_TP23-1536x584.png 1536w, https:\/\/testingportugal.pstqb.pt\/wp-content\/uploads\/2025\/03\/Facebook_Cover_TP23-2048x779.png 2048w, https:\/\/testingportugal.pstqb.pt\/wp-content\/uploads\/2025\/03\/Facebook_Cover_TP23-18x7.png 18w\" sizes=\"(max-width: 2560px) 100vw, 2560px\" \/>\t\t\t\t\t\t\t\t<\/a>\n\t\t\t\t\t\t\t\t\t\t\t\t\t\t\t<\/div>\n\t\t\t\t<\/div>\n\t\t\t\t\t<\/div>\n\t\t<\/div>\n\t\t\t\t\t<\/div>\n\t\t<\/section>\n\t\t\t\t<section class=\"elementor-section elementor-top-section elementor-element elementor-element-3969cc6 elementor-section-boxed elementor-section-height-default elementor-section-height-default wpr-particle-no wpr-jarallax-no wpr-parallax-no wpr-sticky-section-no\" data-id=\"3969cc6\" data-element_type=\"section\">\n\t\t\t\t\t\t<div class=\"elementor-container elementor-column-gap-default\">\n\t\t\t\t\t<div class=\"elementor-column elementor-col-100 elementor-top-column elementor-element elementor-element-dd59a94\" data-id=\"dd59a94\" data-element_type=\"column\">\n\t\t\t<div class=\"elementor-widget-wrap elementor-element-populated\">\n\t\t\t\t\t<div class=\"elementor-background-overlay\"><\/div>\n\t\t\t\t\t\t<div class=\"elementor-element elementor-element-107d3fe elementor-widget elementor-widget-image\" data-id=\"107d3fe\" data-element_type=\"widget\" data-widget_type=\"image.default\">\n\t\t\t\t<div class=\"elementor-widget-container\">\n\t\t\t\t\t\t\t\t\t\t\t\t\t\t\t\t<a href=\"https:\/\/testingportugal.pstqb.pt\/en\/testing-portugal-2022\/\">\n\t\t\t\t\t\t\t<img loading=\"lazy\" decoding=\"async\" width=\"2560\" height=\"974\" src=\"https:\/\/testingportugal.pstqb.pt\/wp-content\/uploads\/2025\/03\/Facebook_Cover_TP22.png\" class=\"attachment-full size-full wp-image-11276\" alt=\"\" srcset=\"https:\/\/testingportugal.pstqb.pt\/wp-content\/uploads\/2025\/03\/Facebook_Cover_TP22.png 2560w, https:\/\/testingportugal.pstqb.pt\/wp-content\/uploads\/2025\/03\/Facebook_Cover_TP22-300x114.png 300w, https:\/\/testingportugal.pstqb.pt\/wp-content\/uploads\/2025\/03\/Facebook_Cover_TP22-1024x390.png 1024w, https:\/\/testingportugal.pstqb.pt\/wp-content\/uploads\/2025\/03\/Facebook_Cover_TP22-768x292.png 768w, https:\/\/testingportugal.pstqb.pt\/wp-content\/uploads\/2025\/03\/Facebook_Cover_TP22-1536x584.png 1536w, https:\/\/testingportugal.pstqb.pt\/wp-content\/uploads\/2025\/03\/Facebook_Cover_TP22-2048x779.png 2048w, https:\/\/testingportugal.pstqb.pt\/wp-content\/uploads\/2025\/03\/Facebook_Cover_TP22-18x7.png 18w\" sizes=\"(max-width: 2560px) 100vw, 2560px\" \/>\t\t\t\t\t\t\t\t<\/a>\n\t\t\t\t\t\t\t\t\t\t\t\t\t\t\t<\/div>\n\t\t\t\t<\/div>\n\t\t\t\t\t<\/div>\n\t\t<\/div>\n\t\t\t\t\t<\/div>\n\t\t<\/section>\n\t\t\t\t<section class=\"elementor-section elementor-top-section elementor-element elementor-element-08a67ab elementor-section-boxed elementor-section-height-default elementor-section-height-default wpr-particle-no wpr-jarallax-no wpr-parallax-no wpr-sticky-section-no\" data-id=\"08a67ab\" data-element_type=\"section\">\n\t\t\t\t\t\t<div class=\"elementor-container elementor-column-gap-default\">\n\t\t\t\t\t<div class=\"elementor-column elementor-col-100 elementor-top-column elementor-element elementor-element-bb15ea6\" data-id=\"bb15ea6\" data-element_type=\"column\">\n\t\t\t<div class=\"elementor-widget-wrap elementor-element-populated\">\n\t\t\t\t\t<div class=\"elementor-background-overlay\"><\/div>\n\t\t\t\t\t\t<div class=\"elementor-element elementor-element-c21b90e elementor-widget elementor-widget-image\" data-id=\"c21b90e\" data-element_type=\"widget\" data-widget_type=\"image.default\">\n\t\t\t\t<div class=\"elementor-widget-container\">\n\t\t\t\t\t\t\t\t\t\t\t\t\t\t\t\t<a href=\"https:\/\/testingportugal.pstqb.pt\/en\/testing-portugal-2021\/\">\n\t\t\t\t\t\t\t<img loading=\"lazy\" decoding=\"async\" width=\"1201\" height=\"445\" src=\"https:\/\/testingportugal.pstqb.pt\/wp-content\/uploads\/2025\/03\/banner_facebook_conferencia.jpg\" class=\"attachment-full size-full wp-image-11279\" alt=\"\" srcset=\"https:\/\/testingportugal.pstqb.pt\/wp-content\/uploads\/2025\/03\/banner_facebook_conferencia.jpg 1201w, https:\/\/testingportugal.pstqb.pt\/wp-content\/uploads\/2025\/03\/banner_facebook_conferencia-300x111.jpg 300w, https:\/\/testingportugal.pstqb.pt\/wp-content\/uploads\/2025\/03\/banner_facebook_conferencia-1024x379.jpg 1024w, https:\/\/testingportugal.pstqb.pt\/wp-content\/uploads\/2025\/03\/banner_facebook_conferencia-768x285.jpg 768w, https:\/\/testingportugal.pstqb.pt\/wp-content\/uploads\/2025\/03\/banner_facebook_conferencia-18x7.jpg 18w\" sizes=\"(max-width: 1201px) 100vw, 1201px\" \/>\t\t\t\t\t\t\t\t<\/a>\n\t\t\t\t\t\t\t\t\t\t\t\t\t\t\t<\/div>\n\t\t\t\t<\/div>\n\t\t\t\t\t<\/div>\n\t\t<\/div>\n\t\t\t\t\t<\/div>\n\t\t<\/section>\n\t\t\t\t<section class=\"elementor-section elementor-top-section elementor-element elementor-element-d7427ce elementor-section-boxed elementor-section-height-default elementor-section-height-default wpr-particle-no wpr-jarallax-no wpr-parallax-no wpr-sticky-section-no\" data-id=\"d7427ce\" data-element_type=\"section\">\n\t\t\t\t\t\t<div class=\"elementor-container elementor-column-gap-default\">\n\t\t\t\t\t<div class=\"elementor-column elementor-col-100 elementor-top-column elementor-element elementor-element-1195c50\" data-id=\"1195c50\" data-element_type=\"column\">\n\t\t\t<div class=\"elementor-widget-wrap elementor-element-populated\">\n\t\t\t\t\t<div class=\"elementor-background-overlay\"><\/div>\n\t\t\t\t\t\t<div class=\"elementor-element elementor-element-13efe1a elementor-widget elementor-widget-image\" data-id=\"13efe1a\" data-element_type=\"widget\" data-widget_type=\"image.default\">\n\t\t\t\t<div class=\"elementor-widget-container\">\n\t\t\t\t\t\t\t\t\t\t\t\t\t\t\t\t<a href=\"https:\/\/testingportugal.pstqb.pt\/en\/testing-portugal-2019\/\">\n\t\t\t\t\t\t\t<img loading=\"lazy\" decoding=\"async\" width=\"6013\" height=\"2521\" src=\"https:\/\/testingportugal.pstqb.pt\/wp-content\/uploads\/2025\/03\/tickets-2-01.png\" class=\"attachment-full size-full wp-image-11277\" alt=\"\" srcset=\"https:\/\/testingportugal.pstqb.pt\/wp-content\/uploads\/2025\/03\/tickets-2-01.png 6013w, https:\/\/testingportugal.pstqb.pt\/wp-content\/uploads\/2025\/03\/tickets-2-01-300x126.png 300w, https:\/\/testingportugal.pstqb.pt\/wp-content\/uploads\/2025\/03\/tickets-2-01-1024x429.png 1024w, https:\/\/testingportugal.pstqb.pt\/wp-content\/uploads\/2025\/03\/tickets-2-01-768x322.png 768w, https:\/\/testingportugal.pstqb.pt\/wp-content\/uploads\/2025\/03\/tickets-2-01-1536x644.png 1536w, https:\/\/testingportugal.pstqb.pt\/wp-content\/uploads\/2025\/03\/tickets-2-01-2048x859.png 2048w, https:\/\/testingportugal.pstqb.pt\/wp-content\/uploads\/2025\/03\/tickets-2-01-18x8.png 18w\" sizes=\"(max-width: 6013px) 100vw, 6013px\" \/>\t\t\t\t\t\t\t\t<\/a>\n\t\t\t\t\t\t\t\t\t\t\t\t\t\t\t<\/div>\n\t\t\t\t<\/div>\n\t\t\t\t<div class=\"elementor-element elementor-element-3b30727 elementor-widget elementor-widget-spacer\" data-id=\"3b30727\" data-element_type=\"widget\" data-widget_type=\"spacer.default\">\n\t\t\t\t<div class=\"elementor-widget-container\">\n\t\t\t\t\t\t\t<div class=\"elementor-spacer\">\n\t\t\t<div class=\"elementor-spacer-inner\"><\/div>\n\t\t<\/div>\n\t\t\t\t\t\t<\/div>\n\t\t\t\t<\/div>\n\t\t\t\t<div class=\"elementor-element elementor-element-8d16851 elementor-widget-divider--view-line elementor-widget elementor-widget-divider\" data-id=\"8d16851\" data-element_type=\"widget\" data-widget_type=\"divider.default\">\n\t\t\t\t<div class=\"elementor-widget-container\">\n\t\t\t\t\t\t\t<div class=\"elementor-divider\">\n\t\t\t<span class=\"elementor-divider-separator\">\n\t\t\t\t\t\t<\/span>\n\t\t<\/div>\n\t\t\t\t\t\t<\/div>\n\t\t\t\t<\/div>\n\t\t\t\t\t<\/div>\n\t\t<\/div>\n\t\t\t\t\t<\/div>\n\t\t<\/section>\n\t\t\t\t<section class=\"elementor-section elementor-top-section elementor-element elementor-element-13f6268 elementor-section-boxed elementor-section-height-default elementor-section-height-default wpr-particle-no wpr-jarallax-no wpr-parallax-no wpr-sticky-section-no\" data-id=\"13f6268\" data-element_type=\"section\">\n\t\t\t\t\t\t<div class=\"elementor-container elementor-column-gap-default\">\n\t\t\t\t\t<div class=\"elementor-column elementor-col-100 elementor-top-column elementor-element elementor-element-0822849\" data-id=\"0822849\" data-element_type=\"column\">\n\t\t\t<div class=\"elementor-widget-wrap elementor-element-populated\">\n\t\t\t\t\t\t<div class=\"elementor-element elementor-element-8b986ed elementor-align-center elementor-mobile-align-center elementor-widget elementor-widget-button\" data-id=\"8b986ed\" data-element_type=\"widget\" data-widget_type=\"button.default\">\n\t\t\t\t<div class=\"elementor-widget-container\">\n\t\t\t\t\t\t\t\t\t<div class=\"elementor-button-wrapper\">\n\t\t\t\t\t<a class=\"elementor-button elementor-button-link elementor-size-sm\" href=\"https:\/\/testingportugal.pstqb.pt\/en\/historico-outras-edicoes\/\">\n\t\t\t\t\t\t<span class=\"elementor-button-content-wrapper\">\n\t\t\t\t\t\t\t\t\t<span class=\"elementor-button-text\">See More<\/span>\n\t\t\t\t\t<\/span>\n\t\t\t\t\t<\/a>\n\t\t\t\t<\/div>\n\t\t\t\t\t\t\t\t<\/div>\n\t\t\t\t<\/div>\n\t\t\t\t<div class=\"elementor-element elementor-element-176c388 elementor-widget elementor-widget-spacer\" data-id=\"176c388\" data-element_type=\"widget\" data-widget_type=\"spacer.default\">\n\t\t\t\t<div class=\"elementor-widget-container\">\n\t\t\t\t\t\t\t<div class=\"elementor-spacer\">\n\t\t\t<div class=\"elementor-spacer-inner\"><\/div>\n\t\t<\/div>\n\t\t\t\t\t\t<\/div>\n\t\t\t\t<\/div>\n\t\t\t\t\t<\/div>\n\t\t<\/div>\n\t\t\t\t\t<\/div>\n\t\t<\/section>\n\t\t\t\t<\/div>","protected":false},"excerpt":{"rendered":"<p>Edi\u00e7\u00f5es Anteriores Edi\u00e7\u00f5es Anteriores Edi\u00e7\u00f5es Anteriories Previous Editions ver mais<\/p>","protected":false},"author":1,"featured_media":11881,"parent":0,"menu_order":0,"comment_status":"closed","ping_status":"closed","template":"","meta":{"site-sidebar-layout":"no-sidebar","site-content-layout":"page-builder","ast-site-content-layout":"full-width-container","site-content-style":"unboxed","site-sidebar-style":"unboxed","ast-global-header-display":"","ast-banner-title-visibility":"","ast-main-header-display":"","ast-hfb-above-header-display":"","ast-hfb-below-header-display":"","ast-hfb-mobile-header-display":"","site-post-title":"disabled","ast-breadcrumbs-content":"","ast-featured-img":"disabled","footer-sml-layout":"","ast-disable-related-posts":"","theme-transparent-header-meta":"default","adv-header-id-meta":"","stick-header-meta":"","header-above-stick-meta":"","header-main-stick-meta":"","header-below-stick-meta":"","astra-migrate-meta-layouts":"set","ast-page-background-enabled":"default","ast-page-background-meta":{"desktop":{"background-color":"","background-image":"","background-repeat":"repeat","background-position":"center center","background-size":"auto","background-attachment":"scroll","background-type":"","background-media":"","overlay-type":"","overlay-color":"","overlay-opacity":"","overlay-gradient":""},"tablet":{"background-color":"","background-image":"","background-repeat":"repeat","background-position":"center center","background-size":"auto","background-attachment":"scroll","background-type":"","background-media":"","overlay-type":"","overlay-color":"","overlay-opacity":"","overlay-gradient":""},"mobile":{"background-color":"","background-image":"","background-repeat":"repeat","background-position":"center center","background-size":"auto","background-attachment":"scroll","background-type":"","background-media":"","overlay-type":"","overlay-color":"","overlay-opacity":"","overlay-gradient":""}},"ast-content-background-meta":{"desktop":{"background-color":"var(--ast-global-color-5)","background-image":"","background-repeat":"repeat","background-position":"center center","background-size":"auto","background-attachment":"scroll","background-type":"","background-media":"","overlay-type":"","overlay-color":"","overlay-opacity":"","overlay-gradient":""},"tablet":{"background-color":"var(--ast-global-color-5)","background-image":"","background-repeat":"repeat","background-position":"center center","background-size":"auto","background-attachment":"scroll","background-type":"","background-media":"","overlay-type":"","overlay-color":"","overlay-opacity":"","overlay-gradient":""},"mobile":{"background-color":"var(--ast-global-color-5)","background-image":"","background-repeat":"repeat","background-position":"center center","background-size":"auto","background-attachment":"scroll","background-type":"","background-media":"","overlay-type":"","overlay-color":"","overlay-opacity":"","overlay-gradient":""}},"footnotes":""},"class_list":["post-1055","page","type-page","status-publish","has-post-thumbnail","hentry"],"_links":{"self":[{"href":"https:\/\/testingportugal.pstqb.pt\/en\/wp-json\/wp\/v2\/pages\/1055","targetHints":{"allow":["GET"]}}],"collection":[{"href":"https:\/\/testingportugal.pstqb.pt\/en\/wp-json\/wp\/v2\/pages"}],"about":[{"href":"https:\/\/testingportugal.pstqb.pt\/en\/wp-json\/wp\/v2\/types\/page"}],"author":[{"embeddable":true,"href":"https:\/\/testingportugal.pstqb.pt\/en\/wp-json\/wp\/v2\/users\/1"}],"replies":[{"embeddable":true,"href":"https:\/\/testingportugal.pstqb.pt\/en\/wp-json\/wp\/v2\/comments?post=1055"}],"version-history":[{"count":37,"href":"https:\/\/testingportugal.pstqb.pt\/en\/wp-json\/wp\/v2\/pages\/1055\/revisions"}],"predecessor-version":[{"id":13245,"href":"https:\/\/testingportugal.pstqb.pt\/en\/wp-json\/wp\/v2\/pages\/1055\/revisions\/13245"}],"wp:featuredmedia":[{"embeddable":true,"href":"https:\/\/testingportugal.pstqb.pt\/en\/wp-json\/wp\/v2\/media\/11881"}],"wp:attachment":[{"href":"https:\/\/testingportugal.pstqb.pt\/en\/wp-json\/wp\/v2\/media?parent=1055"}],"curies":[{"name":"wp","href":"https:\/\/api.w.org\/{rel}","templated":true}]}}