{"id":4672,"date":"2021-06-02T15:42:58","date_gmt":"2021-06-02T15:42:58","guid":{"rendered":"https:\/\/testingportugal.pstqb.pt\/?page_id=4672"},"modified":"2023-04-20T08:59:24","modified_gmt":"2023-04-20T08:59:24","slug":"termos-e-condicoes-patrocinadores","status":"publish","type":"page","link":"https:\/\/testingportugal.pstqb.pt\/en\/termos-e-condicoes-patrocinadores\/","title":{"rendered":"Termos e Condi\u00e7\u00f5es | Patrocinadores"},"content":{"rendered":"<div data-elementor-type=\"wp-page\" data-elementor-id=\"4672\" class=\"elementor elementor-4672\">\n\t\t\t\t\t\t<section class=\"elementor-section elementor-top-section elementor-element elementor-element-861672a elementor-hidden-mobile elementor-section-boxed elementor-section-height-default elementor-section-height-default wpr-particle-no wpr-jarallax-no wpr-parallax-no wpr-sticky-section-no wpr-equal-height-no\" data-id=\"861672a\" data-element_type=\"section\" data-settings=\"{&quot;background_background&quot;:&quot;classic&quot;}\">\n\t\t\t\t\t\t<div class=\"elementor-container elementor-column-gap-default\">\n\t\t\t\t\t<div class=\"elementor-column elementor-col-100 elementor-top-column elementor-element elementor-element-5f30ce2\" data-id=\"5f30ce2\" data-element_type=\"column\">\n\t\t\t<div class=\"elementor-widget-wrap elementor-element-populated\">\n\t\t\t\t\t\t<div class=\"elementor-element elementor-element-511f3b1 elementor-widget elementor-widget-heading\" data-id=\"511f3b1\" data-element_type=\"widget\" data-widget_type=\"heading.default\">\n\t\t\t\t<div class=\"elementor-widget-container\">\n\t\t\t\t\t<h1 class=\"elementor-heading-title elementor-size-xl\">Termos &amp; Condi\u00e7\u00f5es<\/h1>\t\t\t\t<\/div>\n\t\t\t\t<\/div>\n\t\t\t\t<div class=\"elementor-element elementor-element-0cd2bc0 elementor-widget-divider--view-line elementor-widget elementor-widget-divider\" data-id=\"0cd2bc0\" data-element_type=\"widget\" data-widget_type=\"divider.default\">\n\t\t\t\t<div class=\"elementor-widget-container\">\n\t\t\t\t\t\t\t<div class=\"elementor-divider\">\n\t\t\t<span class=\"elementor-divider-separator\">\n\t\t\t\t\t\t<\/span>\n\t\t<\/div>\n\t\t\t\t\t\t<\/div>\n\t\t\t\t<\/div>\n\t\t\t\t\t<\/div>\n\t\t<\/div>\n\t\t\t\t\t<\/div>\n\t\t<\/section>\n\t\t\t\t<section class=\"elementor-section elementor-top-section elementor-element elementor-element-5a93fa0 elementor-hidden-desktop elementor-hidden-tablet elementor-section-boxed elementor-section-height-default elementor-section-height-default wpr-particle-no wpr-jarallax-no wpr-parallax-no wpr-sticky-section-no wpr-equal-height-no\" data-id=\"5a93fa0\" data-element_type=\"section\" data-settings=\"{&quot;background_background&quot;:&quot;classic&quot;}\">\n\t\t\t\t\t\t<div class=\"elementor-container elementor-column-gap-default\">\n\t\t\t\t\t<div class=\"elementor-column elementor-col-100 elementor-top-column elementor-element elementor-element-9d41d70\" data-id=\"9d41d70\" data-element_type=\"column\">\n\t\t\t<div class=\"elementor-widget-wrap elementor-element-populated\">\n\t\t\t\t\t\t<div class=\"elementor-element elementor-element-980d84b elementor-widget elementor-widget-heading\" data-id=\"980d84b\" data-element_type=\"widget\" data-widget_type=\"heading.default\">\n\t\t\t\t<div class=\"elementor-widget-container\">\n\t\t\t\t\t<h1 class=\"elementor-heading-title elementor-size-large\">Termos &amp; Condi\u00e7\u00f5es<\/h1>\t\t\t\t<\/div>\n\t\t\t\t<\/div>\n\t\t\t\t<div class=\"elementor-element elementor-element-42570a8 elementor-widget-divider--view-line elementor-widget elementor-widget-divider\" data-id=\"42570a8\" data-element_type=\"widget\" data-widget_type=\"divider.default\">\n\t\t\t\t<div class=\"elementor-widget-container\">\n\t\t\t\t\t\t\t<div class=\"elementor-divider\">\n\t\t\t<span class=\"elementor-divider-separator\">\n\t\t\t\t\t\t<\/span>\n\t\t<\/div>\n\t\t\t\t\t\t<\/div>\n\t\t\t\t<\/div>\n\t\t\t\t\t<\/div>\n\t\t<\/div>\n\t\t\t\t\t<\/div>\n\t\t<\/section>\n\t\t\t\t<section class=\"elementor-section elementor-top-section elementor-element elementor-element-e2dcf93 elementor-section-boxed elementor-section-height-default elementor-section-height-default wpr-particle-no wpr-jarallax-no wpr-parallax-no wpr-sticky-section-no wpr-equal-height-no\" data-id=\"e2dcf93\" data-element_type=\"section\">\n\t\t\t\t\t\t<div class=\"elementor-container elementor-column-gap-default\">\n\t\t\t\t\t<div class=\"elementor-column elementor-col-100 elementor-top-column elementor-element elementor-element-a6a086f\" data-id=\"a6a086f\" data-element_type=\"column\">\n\t\t\t<div class=\"elementor-widget-wrap elementor-element-populated\">\n\t\t\t\t\t\t<div class=\"elementor-element elementor-element-67348c4 elementor-widget elementor-widget-text-editor\" data-id=\"67348c4\" data-element_type=\"widget\" data-widget_type=\"text-editor.default\">\n\t\t\t\t<div class=\"elementor-widget-container\">\n\t\t\t\t\t\t\t\t\t<p>Do Caderno de Patroc\u00ednios adv\u00eam os seguintes Termos e Condi\u00e7\u00f5es, de relevante interesse para os Patrocinadores:<\/p><ol><li>Fatura\u00e7\u00e3o: 65% na adjudica\u00e7\u00e3o (15 de agosto de 2021) com pagamento a 30 dias (15 de setembro de 2021) e os restantes 35% faturados a 60 dias antes da Confer\u00eancia (19 de setembro de 2021), com pagamento at\u00e9 duas semanas antes da Confer\u00eancia;<br \/><br \/><\/li><li>O atraso no pagamento, ditar\u00e1 o cancelamento imediato do Patroc\u00ednio n\u00e3o havendo lugar \u00e0 restitui\u00e7\u00e3o de quaisquer valores j\u00e1 liquidados;<br \/><br \/><\/li><li>Em caso de cancelamento, depois do primeiro dia de fatura\u00e7\u00e3o, ser\u00e1 cobrado o valor total do patroc\u00ednio;<br \/><br \/><\/li><li>A PSTQB det\u00e9m toda a responsabilidade pelo programa e gest\u00e3o da Confer\u00eancia;<br \/><br \/><\/li><li>A PSTQB reserva-se o direito de alterar a data da Confer\u00eancia por motivos de for\u00e7a maior;<br \/><br \/><\/li><li>A PSTQB reserva-se o direito de realizar altera\u00e7\u00f5es na agenda publicada, incluindo os tempos de apresenta\u00e7\u00e3o, em casos de for\u00e7a maior;<br \/><br \/><\/li><li>A PSTQB tem o direito de coordenar os pedidos de utiliza\u00e7\u00e3o dos espa\u00e7os de exposi\u00e7\u00e3o, de modo a garantir uma presen\u00e7a adequada de acordo com a disponibilidade da plataforma;<br \/><br \/><\/li><li>Os termos e condi\u00e7\u00f5es aqui descritos podem ser modificados a qualquer momento, com aviso pr\u00e9vio.<\/li><\/ol>\t\t\t\t\t\t\t\t<\/div>\n\t\t\t\t<\/div>\n\t\t\t\t\t<\/div>\n\t\t<\/div>\n\t\t\t\t\t<\/div>\n\t\t<\/section>\n\t\t\t\t<\/div>","protected":false},"excerpt":{"rendered":"<p>Termos &#038; Condi\u00e7\u00f5es Termos &#038; Condi\u00e7\u00f5es Do Caderno de Patroc\u00ednios adv\u00eam os seguintes Termos e Condi\u00e7\u00f5es, de relevante interesse para os Patrocinadores: Fatura\u00e7\u00e3o: 65% na adjudica\u00e7\u00e3o (15 de agosto de 2021) com pagamento a 30 dias (15 de setembro de 2021) e os restantes 35% faturados a 60 dias antes da Confer\u00eancia (19 de setembro de 2021), com pagamento at\u00e9 duas semanas antes da Confer\u00eancia; O atraso no pagamento, ditar\u00e1 o cancelamento imediato do Patroc\u00ednio n\u00e3o havendo lugar \u00e0 restitui\u00e7\u00e3o de quaisquer valores j\u00e1 liquidados; Em caso de cancelamento, depois do primeiro dia de fatura\u00e7\u00e3o, ser\u00e1 cobrado o valor total do patroc\u00ednio; A PSTQB det\u00e9m toda a responsabilidade pelo programa e gest\u00e3o da Confer\u00eancia; A PSTQB reserva-se o direito de alterar a data da Confer\u00eancia por motivos de for\u00e7a maior; A PSTQB reserva-se o direito de realizar altera\u00e7\u00f5es na agenda publicada, incluindo os tempos de apresenta\u00e7\u00e3o, em casos de for\u00e7a maior; A PSTQB tem o direito de coordenar os pedidos de utiliza\u00e7\u00e3o dos espa\u00e7os de exposi\u00e7\u00e3o, de modo a garantir uma presen\u00e7a adequada de acordo com a disponibilidade da plataforma; Os termos e condi\u00e7\u00f5es aqui descritos podem ser modificados a qualquer momento, com aviso pr\u00e9vio.<\/p>","protected":false},"author":1,"featured_media":0,"parent":0,"menu_order":0,"comment_status":"closed","ping_status":"closed","template":"","meta":{"site-sidebar-layout":"no-sidebar","site-content-layout":"page-builder","ast-site-content-layout":"default","site-content-style":"default","site-sidebar-style":"default","ast-global-header-display":"","ast-banner-title-visibility":"","ast-main-header-display":"","ast-hfb-above-header-display":"","ast-hfb-below-header-display":"","ast-hfb-mobile-header-display":"","site-post-title":"disabled","ast-breadcrumbs-content":"","ast-featured-img":"disabled","footer-sml-layout":"","ast-disable-related-posts":"","theme-transparent-header-meta":"default","adv-header-id-meta":"","stick-header-meta":"","header-above-stick-meta":"","header-main-stick-meta":"","header-below-stick-meta":"","astra-migrate-meta-layouts":"default","ast-page-background-enabled":"default","ast-page-background-meta":{"desktop":{"background-color":"","background-image":"","background-repeat":"repeat","background-position":"center center","background-size":"auto","background-attachment":"scroll","background-type":"","background-media":"","overlay-type":"","overlay-color":"","overlay-opacity":"","overlay-gradient":""},"tablet":{"background-color":"","background-image":"","background-repeat":"repeat","background-position":"center center","background-size":"auto","background-attachment":"scroll","background-type":"","background-media":"","overlay-type":"","overlay-color":"","overlay-opacity":"","overlay-gradient":""},"mobile":{"background-color":"","background-image":"","background-repeat":"repeat","background-position":"center center","background-size":"auto","background-attachment":"scroll","background-type":"","background-media":"","overlay-type":"","overlay-color":"","overlay-opacity":"","overlay-gradient":""}},"ast-content-background-meta":{"desktop":{"background-color":"var(--ast-global-color-5)","background-image":"","background-repeat":"repeat","background-position":"center center","background-size":"auto","background-attachment":"scroll","background-type":"","background-media":"","overlay-type":"","overlay-color":"","overlay-opacity":"","overlay-gradient":""},"tablet":{"background-color":"var(--ast-global-color-5)","background-image":"","background-repeat":"repeat","background-position":"center center","background-size":"auto","background-attachment":"scroll","background-type":"","background-media":"","overlay-type":"","overlay-color":"","overlay-opacity":"","overlay-gradient":""},"mobile":{"background-color":"var(--ast-global-color-5)","background-image":"","background-repeat":"repeat","background-position":"center center","background-size":"auto","background-attachment":"scroll","background-type":"","background-media":"","overlay-type":"","overlay-color":"","overlay-opacity":"","overlay-gradient":""}},"footnotes":""},"class_list":["post-4672","page","type-page","status-publish","hentry"],"_links":{"self":[{"href":"https:\/\/testingportugal.pstqb.pt\/en\/wp-json\/wp\/v2\/pages\/4672","targetHints":{"allow":["GET"]}}],"collection":[{"href":"https:\/\/testingportugal.pstqb.pt\/en\/wp-json\/wp\/v2\/pages"}],"about":[{"href":"https:\/\/testingportugal.pstqb.pt\/en\/wp-json\/wp\/v2\/types\/page"}],"author":[{"embeddable":true,"href":"https:\/\/testingportugal.pstqb.pt\/en\/wp-json\/wp\/v2\/users\/1"}],"replies":[{"embeddable":true,"href":"https:\/\/testingportugal.pstqb.pt\/en\/wp-json\/wp\/v2\/comments?post=4672"}],"version-history":[{"count":0,"href":"https:\/\/testingportugal.pstqb.pt\/en\/wp-json\/wp\/v2\/pages\/4672\/revisions"}],"wp:attachment":[{"href":"https:\/\/testingportugal.pstqb.pt\/en\/wp-json\/wp\/v2\/media?parent=4672"}],"curies":[{"name":"wp","href":"https:\/\/api.w.org\/{rel}","templated":true}]}}